{"id":12554,"date":"2023-03-25T12:05:36","date_gmt":"2023-03-25T12:05:36","guid":{"rendered":"https:\/\/cihangirdentalclinic.com\/?page_id=12554"},"modified":"2026-01-19T15:15:54","modified_gmt":"2026-01-19T15:15:54","slug":"istanbul-dr-dds-phd-isa-hazar-yaldiz","status":"publish","type":"page","link":"https:\/\/drhalisozsurmeli.com\/tr\/istanbul-dr-dds-phd-isa-hazar-yaldiz\/","title":{"rendered":"Hakk\u0131mda"},"content":{"rendered":"<section id=\"bt_bb_section69d4d521762f1\" class=\"bt_bb_section bt_bb_layout_boxed_1200 bt_bb_vertical_align_top bt_bb_top_spacing_large\"  data-bt-override-class=\"null\"><div class=\"bt_bb_background_image_holder_wrapper\"><div class=\"bt_bb_background_image_holder btLazyLoadBackground\"  data-background_image_src=\"https:\/\/drhalisozsurmeli.com\/wp-content\/uploads\/2020\/02\/bgn-doctor.jpg\" data-parallax-zoom-start=\"1\" data-parallax-zoom-end=\"1\" data-parallax-blur-start=\"0\" data-parallax-blur-end=\"0\" data-parallax-opacity-start=\"1\" data-parallax-opacity-end=\"1\" style=\" background-image: url(&#039;https:\/\/drhalisozsurmeli.com\/wp-content\/plugins\/bold-page-builder\/img\/blank.gif&#039;);\"><\/div><\/div><div class=\"bt_bb_port\"><div class=\"bt_bb_cell\"><div class=\"bt_bb_cell_inner\"><div class=\"bt_bb_row_wrapper\"><div  class=\"bt_bb_row\"  data-bt-override-class=\"{}\"><div  class=\"bt_bb_column col-xxl-6 col-xl-6 col-xs-12 col-sm-6 col-md-6 col-lg-6 bt_bb_vertical_align_top bt_bb_align_left bt_bb_padding_normal bt_bb_animation_fade_in bt_bb_animation_move_up animate\" style=\"position: relative;\" data-width=\"6\" data-bt-override-class=\"{}\"><div class=\"bt_bb_column_content\"><div data-bb-version=\"4.6.1\" class=\"bt_bb_image bt_bb_shape_square bt_bb_target_self bt_bb_align_inherit bt_bb_hover_style_simple bt_bb_content_display_always bt_bb_content_align_middle bt_bb_hidden_xs bt_bb_hidden_ms bt_bb_hidden_sm\" style=\"position: absolute; bottom: 0;\" data-bt-override-class=\"{&quot;bt_bb_align_&quot;:{&quot;current_class&quot;:&quot;bt_bb_align_inherit&quot;,&quot;xxl&quot;:&quot;inherit&quot;}}\"><span><img loading=\"lazy\" decoding=\"async\" width=\"408\" height=\"612\" src=\"https:\/\/drhalisozsurmeli.com\/wp-content\/uploads\/2023\/03\/WhatsApp-Image-2023-02-17-at-00.28.33-removebg-preview-2.png\" class=\"attachment-full size-full\" alt=\"https:\/\/drhalisozsurmeli.com\/wp-content\/uploads\/2023\/03\/WhatsApp-Image-2023-02-17-at-00.28.33-removebg-preview-2.png\" data-full_image_src=\"https:\/\/drhalisozsurmeli.com\/wp-content\/uploads\/2023\/03\/WhatsApp-Image-2023-02-17-at-00.28.33-removebg-preview-2.png\" title=\"WhatsApp-Image-2023-02-17-at-00.28.33-removebg-preview\" srcset=\"https:\/\/drhalisozsurmeli.com\/wp-content\/uploads\/2023\/03\/WhatsApp-Image-2023-02-17-at-00.28.33-removebg-preview-2.png 408w, https:\/\/drhalisozsurmeli.com\/wp-content\/uploads\/2023\/03\/WhatsApp-Image-2023-02-17-at-00.28.33-removebg-preview-2-320x480.png 320w\" sizes=\"auto, (max-width: 408px) 100vw, 408px\" \/><\/span><\/div><\/div><\/div><div  class=\"bt_bb_column col-xxl-6 col-xl-6 col-xs-12 col-sm-6 col-md-6 col-lg-6 bt_bb_vertical_align_top bt_bb_align_left bt_bb_padding_normal bt_bb_animation_fade_in animate\"  data-width=\"6\" data-bt-override-class=\"{}\"><div class=\"bt_bb_column_content\"><header data-bb-version=\"4.6.1\" class=\"bt_bb_headline bt_bb_font_weight_bold bt_bb_subheadline_text_transform_default bt_bb_color_scheme_7 bt_bb_dash_none bt_bb_size_large bt_bb_align_inherit bt_bb_dash_type_none\" style=\"; --primary-color:#000000; --secondary-color:#191919;\" data-bt-override-class=\"{&quot;bt_bb_size_&quot;:{&quot;current_class&quot;:&quot;bt_bb_size_large&quot;,&quot;xxl&quot;:&quot;large&quot;},&quot;bt_bb_align_&quot;:{&quot;current_class&quot;:&quot;bt_bb_align_inherit&quot;,&quot;xxl&quot;:&quot;inherit&quot;}}\"><h2 style=\"font-size:5.625em\" class=\"bt_bb_headline_tag\"><span class=\"bt_bb_headline_content\"><span><small><u>DDS, PhD<\/u><\/small><br \/>\r\nHalis \u00d6zs\u00fcrmeli<\/span><\/span><\/h2><\/header><div class=\"bt_bb_separator bt_bb_border_style_none bt_bb_top_spacing_extra_small bt_bb_bottom_spacing_small\" data-bt-override-class=\"null\"><\/div><div  class=\"bt_bb_text\" ><p class=\"translation-block\">9 A\u011fustos 1988'de Gaziantep'te do\u011fdu.<br>\n2006 y\u0131l\u0131nda Gaziantep Koleji Vakf\u0131 \u00d6zel Fen Lisesi'nden mezun oldu.<br>\n2011 y\u0131l\u0131nda Marmara \u00dcniversitesi Di\u015f Hekimli\u011fi Fak\u00fcltesi'ni \u0130ngilizce e\u011fitimle tamamlad\u0131.<br>\n2011 y\u0131l\u0131nda Marmara \u00dcniversitesi Di\u015f Hekimli\u011fi Fak\u00fcltesi Protetik Di\u015f Tedavisi Anabilim Dal\u0131 doktora program\u0131na kabul edildi.<\/p>\n<\/div><div class=\"bt_bb_separator bt_bb_border_style_solid bt_bb_top_spacing_small bt_bb_bottom_spacing_small\" data-bt-override-class=\"null\"><\/div><div data-bb-version=\"4.6.1\" class=\"bt_bb_image bt_bb_shape_square bt_bb_target_self bt_bb_align_inherit bt_bb_hover_style_simple bt_bb_content_display_always bt_bb_content_align_middle bt_bb_hidden_md bt_bb_hidden_lg bt_bb_hidden_xl\" data-bt-override-class=\"{&quot;bt_bb_align_&quot;:{&quot;current_class&quot;:&quot;bt_bb_align_inherit&quot;,&quot;xxl&quot;:&quot;inherit&quot;}}\"><span><img loading=\"lazy\" decoding=\"async\" width=\"408\" height=\"612\" src=\"https:\/\/drhalisozsurmeli.com\/wp-content\/uploads\/2023\/03\/WhatsApp-Image-2023-02-17-at-00.28.33-removebg-preview-2.png\" class=\"attachment-full size-full\" alt=\"https:\/\/drhalisozsurmeli.com\/wp-content\/uploads\/2023\/03\/WhatsApp-Image-2023-02-17-at-00.28.33-removebg-preview-2.png\" data-full_image_src=\"https:\/\/drhalisozsurmeli.com\/wp-content\/uploads\/2023\/03\/WhatsApp-Image-2023-02-17-at-00.28.33-removebg-preview-2.png\" title=\"WhatsApp-Image-2023-02-17-at-00.28.33-removebg-preview\" srcset=\"https:\/\/drhalisozsurmeli.com\/wp-content\/uploads\/2023\/03\/WhatsApp-Image-2023-02-17-at-00.28.33-removebg-preview-2.png 408w, https:\/\/drhalisozsurmeli.com\/wp-content\/uploads\/2023\/03\/WhatsApp-Image-2023-02-17-at-00.28.33-removebg-preview-2-320x480.png 320w\" sizes=\"auto, (max-width: 408px) 100vw, 408px\" \/><\/span><\/div><div class=\"bt_bb_separator bt_bb_border_style_none bt_bb_bottom_spacing_large bt_bb_hidden_xs bt_bb_hidden_ms bt_bb_hidden_sm\" data-bt-override-class=\"null\"><\/div><\/div><\/div><\/div><\/div><\/div><!-- cell_inner --><\/div><!-- cell --><\/div><!-- port --><\/section><section id=\"bt_bb_section69d4d52176a63\" class=\"bt_bb_section bt_bb_layout_boxed_1200 bt_bb_vertical_align_top bt_bb_top_spacing_medium bt_bb_bottom_spacing_medium\"  data-bt-override-class=\"null\"><div class=\"bt_bb_port\"><div class=\"bt_bb_cell\"><div class=\"bt_bb_cell_inner\"><div class=\"bt_bb_row_wrapper\"><div  class=\"bt_bb_row bt_bb_column_gap_25\"  data-bt-override-class=\"{}\"><div  class=\"bt_bb_column col-xxl-4 col-xl-4 bt_bb_vertical_align_top bt_bb_align_left bt_bb_padding_normal bt_bb_animation_fade_in animate\"  data-width=\"4\" data-bt-override-class=\"{}\"><div class=\"bt_bb_column_content\"><div class=\"bt_bb_row_wrapper\"><div  class=\"bt_bb_row_inner\"  data-bt-override-class=\"{}\"><\/div><\/div><div class=\"bt_bb_row_wrapper\"><div  class=\"bt_bb_row_inner\"  data-bt-override-class=\"{}\"><div  class=\"bt_bb_column_inner col-xxl-12 col-xl-12 col-xs-12 col-sm-12 col-md-12 col-lg-12 bt_bb_align_left bt_bb_vertical_align_top bt_bb_padding_text_indent\" style=\"box-shadow: 0 0 0 8px #e1e8f0 inset;\" data-width=\"12\" data-bt-override-class=\"{}\"><div class=\"bt_bb_column_inner_content\"><div class=\"bt_bb_separator bt_bb_border_style_none bt_bb_bottom_spacing_normal\" data-bt-override-class=\"null\"><\/div><header class=\"bt_bb_headline bt_bb_color_scheme_3 bt_bb_dash_none bt_bb_size_small bt_bb_align_inherit bt_bb_dash_type_none\" style=\"; --primary-color:#000000; --secondary-color:#191919;\" data-bt-override-class=\"{}\"><h4 class=\"bt_bb_headline_tag\"><span class=\"bt_bb_headline_content\"><span>Bizimle \u0130leti\u015fime Ge\u00e7in<\/span><\/span><\/h4><\/header><div class=\"bt_bb_separator bt_bb_border_style_solid bt_bb_top_spacing_small bt_bb_bottom_spacing_small\" data-bt-override-class=\"null\"><\/div><div class=\"bt_bb_service bt_bb_color_scheme_4 bt_bb_style_outline bt_bb_size_small bt_bb_shape_circle bt_bb_target_self bt_bb_align_inherit\" style=\"; --primary-color:#000000; --secondary-color:#ffffff;\" data-bt-override-class=\"{&quot;bt_bb_size_&quot;:{&quot;current_class&quot;:&quot;bt_bb_size_small&quot;,&quot;xxl&quot;:&quot;small&quot;,&quot;xl&quot;:&quot;small&quot;},&quot;bt_bb_align_&quot;:{&quot;current_class&quot;:&quot;bt_bb_align_inherit&quot;,&quot;xxl&quot;:&quot;inherit&quot;,&quot;xl&quot;:&quot;inherit&quot;}}\"><a href=\"tel:+90 555 100 42 32\"  target=\"_self\"  title=\"Bizi Aray\u0131n\"  data-ico-dentistry=\"&#xe92c;\" class=\"bt_bb_icon_holder\"><\/a><div class=\"bt_bb_service_content\"><div class=\"bt_bb_service_content_title\"><a href=\"tel:+90%20555%20100%2042%2032\" target=\"_self\">Bizi Aray\u0131n<\/a><\/div><div class=\"bt_bb_service_content_text\">+90 555 100 42 32<\/div><\/div><\/div><div class=\"bt_bb_separator bt_bb_border_style_solid bt_bb_top_spacing_small bt_bb_bottom_spacing_small\" data-bt-override-class=\"null\"><\/div><div class=\"bt_bb_service bt_bb_color_scheme_8 bt_bb_style_outline bt_bb_size_small bt_bb_shape_circle bt_bb_target_self bt_bb_align_inherit\" style=\"; --primary-color:#000000; --secondary-color:#ffffff;\" data-bt-override-class=\"{&quot;bt_bb_size_&quot;:{&quot;current_class&quot;:&quot;bt_bb_size_small&quot;,&quot;xxl&quot;:&quot;small&quot;,&quot;xl&quot;:&quot;small&quot;},&quot;bt_bb_align_&quot;:{&quot;current_class&quot;:&quot;bt_bb_align_inherit&quot;,&quot;xxl&quot;:&quot;inherit&quot;,&quot;xl&quot;:&quot;inherit&quot;}}\"><a href=\"mailto:info@drhalisozsurmeli.com\"  target=\"_self\"  title=\"E-posta G\u00f6nderin\"  data-ico-icon7stroke=\"&#xe63b;\" class=\"bt_bb_icon_holder\"><\/a><div class=\"bt_bb_service_content\"><div class=\"bt_bb_service_content_title\"><a href=\"mailto:info@drhalisozsurmeli.com\" target=\"_self\">E-posta G\u00f6nderin<\/a><\/div><div class=\"bt_bb_service_content_text\">info@drhalisozsurmeli.com<br \/>\r\n<\/div><\/div><\/div><div class=\"bt_bb_separator bt_bb_border_style_none bt_bb_bottom_spacing_normal\" data-bt-override-class=\"null\"><\/div><div class=\"bt_bb_service bt_bb_color_scheme_8 bt_bb_style_outline bt_bb_size_small bt_bb_shape_circle bt_bb_target_self bt_bb_align_inherit\" style=\"; --primary-color:#000000; --secondary-color:#ffffff;\" data-bt-override-class=\"{&quot;bt_bb_size_&quot;:{&quot;current_class&quot;:&quot;bt_bb_size_small&quot;,&quot;xxl&quot;:&quot;small&quot;,&quot;xl&quot;:&quot;small&quot;},&quot;bt_bb_align_&quot;:{&quot;current_class&quot;:&quot;bt_bb_align_inherit&quot;,&quot;xxl&quot;:&quot;inherit&quot;,&quot;xl&quot;:&quot;inherit&quot;}}\"><a href=\"https:\/\/api.whatsapp.com\/send\/?phone=905551004232&amp;text&amp;type=phone_number&amp;app_absent=0\"  target=\"_self\"  title=\"Hemen Randevu Al\u0131n\"  data-ico-fontawesome5brands=\"&#xf232;\" class=\"bt_bb_icon_holder\"><\/a><div class=\"bt_bb_service_content\"><div class=\"bt_bb_service_content_title\"><a href=\"https:\/\/api.whatsapp.com\/send\/?phone=905551004232&#038;text&#038;type=phone_number&#038;app_absent=0\" target=\"_self\">Hemen Randevu Al\u0131n<\/a><\/div><div class=\"bt_bb_service_content_text\">+90 555 100 4232<br \/>\r\n<\/div><\/div><\/div><div class=\"bt_bb_separator bt_bb_border_style_none bt_bb_bottom_spacing_normal\" data-bt-override-class=\"null\"><\/div><div class=\"bt_bb_column_inner_highlight\"><\/div><\/div><\/div><\/div><\/div><\/div><\/div><div  class=\"bt_bb_column col-xxl-8 col-xl-8 bt_bb_vertical_align_top bt_bb_align_left bt_bb_padding_normal bt_bb_animation_fade_in animate\"  data-width=\"8\" data-bt-override-class=\"{}\"><div class=\"bt_bb_column_content\"><div class=\"bt_bb_separator bt_bb_border_style_none bt_bb_top_spacing_normal bt_bb_hidden_md bt_bb_hidden_lg\" data-bt-override-class=\"null\"><\/div><div class=\"bt_bb_row_wrapper\"><div  class=\"bt_bb_row_inner\"  data-bt-override-class=\"{}\"><div  class=\"bt_bb_column_inner col-xxl-12 col-xl-12 bt_bb_align_center bt_bb_vertical_align_top bt_bb_padding_normal\"  data-width=\"12\" data-bt-override-class=\"{}\"><div class=\"bt_bb_column_inner_content\"><div  class=\"bt_bb_text btAccentQuote bt_bb_align_center\" ><blockquote>\n<p style=\"text-align: center;\">Dr. Halis \u00d6zs\u00fcrmeli'yi g\u00f6rme \u015fans\u0131na sahip oldum, harikayd\u0131. Kendisi son derece incelikli, rahatlat\u0131c\u0131 ve titiz bir profesyoneldi.<\/p>\n<\/blockquote>\n<\/div><div class=\"bt_bb_column_inner_highlight\"><\/div><\/div><\/div><\/div><\/div><div class=\"bt_bb_separator bt_bb_border_style_none bt_bb_top_spacing_normal\" data-bt-override-class=\"null\"><\/div><div class=\"bt_bb_row_wrapper\"><div  class=\"bt_bb_row_inner\"  data-bt-override-class=\"{}\"><div  class=\"bt_bb_column_inner col-xxl-12 col-xl-12 col-xs-12 col-sm-12 col-md-12 col-lg-12 bt_bb_align_center bt_bb_vertical_align_top bt_bb_padding_normal\"  data-width=\"12\" data-bt-override-class=\"{&quot;bt_bb_align_&quot;:{&quot;current_class&quot;:&quot;bt_bb_align_center&quot;,&quot;xxl&quot;:&quot;center&quot;,&quot;xl&quot;:&quot;center&quot;},&quot;bt_bb_padding_&quot;:{&quot;current_class&quot;:&quot;bt_bb_padding_normal&quot;,&quot;xxl&quot;:&quot;normal&quot;,&quot;xl&quot;:&quot;normal&quot;}}\"><div class=\"bt_bb_column_inner_content\"><div  class=\"bt_bb_text\" ><p>\u201cDijital Kay\u0131t ve Konvansiyonel \u00d6l\u00e7\u00fcm Y\u00f6ntemleriyle \u00dcretilen Restorasyonlar\u0131n Kenar ve \u0130\u00e7 Uyumlar\u0131n\u0131n \u0130n Vitro \u0130ncelenmesi\u201d konulu teziyle doktoras\u0131n\u0131 tamamlad\u0131.<br \/>\n\u201cDijital ve konvansiyonel \u00f6l\u00e7\u00fclerden sonra \u00fcretilen farkl\u0131 tipteki dental seramik restorasyonlar\u0131n marjinal ve i\u00e7 uyumunun in vitro de\u011ferlendirilmesi\u201d ba\u015fl\u0131kl\u0131 doktora tez \u00e7al\u0131\u015fmas\u0131n\u0131n sonucu uluslararas\u0131 bilimsel dergi \u201cThe International Journal of Prosthodontics\u201d taraf\u0131ndan yay\u0131na kabul edildi.<br \/>\nUlusal ve uluslararas\u0131 bir\u00e7ok kongrede sunumlar yapt\u0131, makaleleri bilimsel dergilerde yay\u0131nland\u0131.<br \/>\n2019 y\u0131l\u0131ndan itibaren t\u00fcm klinik \u00e7al\u0131\u015fmalar\u0131na \u2018Dr.Halis \u00d6zs\u00fcrmeli\u2019 Di\u015f Muayenehanesinde devam etmektedir.<\/p>\n<\/div><div class=\"bt_bb_separator bt_bb_border_style_none bt_bb_bottom_spacing_small bt_bb_hidden_md bt_bb_hidden_lg\" data-bt-override-class=\"null\"><\/div><div class=\"bt_bb_column_inner_highlight\"><\/div><\/div><\/div><\/div><\/div><div data-bb-version=\"4.6.1\" class=\"bt_bb_separator bt_bb_border_style_none bt_bb_top_spacing_normal bt_bb_bottom_spacing_normal\" data-bt-override-class=\"{&quot;bt_bb_top_spacing_&quot;:{&quot;current_class&quot;:&quot;bt_bb_top_spacing_normal&quot;,&quot;xxl&quot;:&quot;normal&quot;},&quot;bt_bb_bottom_spacing_&quot;:{&quot;current_class&quot;:&quot;bt_bb_bottom_spacing_normal&quot;,&quot;xxl&quot;:&quot;normal&quot;}}\"><\/div><\/div><\/div><\/div><\/div><div data-bb-version=\"4.6.1\" class=\"bt_bb_row_wrapper\"><div  class=\"bt_bb_row bt_bb_column_gap_medium\"  data-bt-override-class=\"{}\"><div data-bb-version=\"4.6.1\"  class=\"bt_bb_column col-xxl-12 col-xl-12 col-xs-12 col-sm-12 col-md-12 col-lg-12 bt_bb_vertical_align_top bt_bb_align_left bt_bb_padding_normal\"  data-width=\"12\" data-bt-override-class=\"{}\"><div class=\"bt_bb_column_content\"><div data-bb-version=\"4.6.1\" class=\"bt_bb_image bt_bb_shape_square bt_bb_target_self bt_bb_align_inherit bt_bb_hover_style_simple bt_bb_content_display_always bt_bb_content_align_middle\" data-bt-override-class=\"{&quot;bt_bb_align_&quot;:{&quot;current_class&quot;:&quot;bt_bb_align_inherit&quot;,&quot;xxl&quot;:&quot;inherit&quot;}}\"><span><img loading=\"lazy\" decoding=\"async\" width=\"1200\" height=\"800\" src=\"https:\/\/drhalisozsurmeli.com\/wp-content\/uploads\/2026\/01\/WhatsApp-Image-2026-01-19-at-15.54.55-1280x853.jpeg\" class=\"attachment-large size-large\" alt=\"https:\/\/drhalisozsurmeli.com\/wp-content\/uploads\/2026\/01\/WhatsApp-Image-2026-01-19-at-15.54.55-1280x853.jpeg\" data-full_image_src=\"https:\/\/drhalisozsurmeli.com\/wp-content\/uploads\/2026\/01\/WhatsApp-Image-2026-01-19-at-15.54.55.jpeg\" title=\"dental-tourism\" srcset=\"https:\/\/drhalisozsurmeli.com\/wp-content\/uploads\/2026\/01\/WhatsApp-Image-2026-01-19-at-15.54.55-1280x853.jpeg 1280w, https:\/\/drhalisozsurmeli.com\/wp-content\/uploads\/2026\/01\/WhatsApp-Image-2026-01-19-at-15.54.55-640x426.jpeg 640w, https:\/\/drhalisozsurmeli.com\/wp-content\/uploads\/2026\/01\/WhatsApp-Image-2026-01-19-at-15.54.55-768x512.jpeg 768w, https:\/\/drhalisozsurmeli.com\/wp-content\/uploads\/2026\/01\/WhatsApp-Image-2026-01-19-at-15.54.55-1536x1023.jpeg 1536w, https:\/\/drhalisozsurmeli.com\/wp-content\/uploads\/2026\/01\/WhatsApp-Image-2026-01-19-at-15.54.55-18x12.jpeg 18w, https:\/\/drhalisozsurmeli.com\/wp-content\/uploads\/2026\/01\/WhatsApp-Image-2026-01-19-at-15.54.55-320x213.jpeg 320w, https:\/\/drhalisozsurmeli.com\/wp-content\/uploads\/2026\/01\/WhatsApp-Image-2026-01-19-at-15.54.55.jpeg 1599w\" sizes=\"auto, (max-width: 1200px) 100vw, 1200px\" \/><\/span><\/div><\/div><\/div><\/div><\/div><\/div><!-- cell_inner --><\/div><!-- cell --><\/div><!-- port --><\/section><section id=\"bt_bb_section69d4d521773be\" class=\"bt_bb_section bt_bb_layout_boxed_900 bt_bb_vertical_align_top bt_bb_top_spacing_medium bt_bb_bottom_spacing_medium\" style=\"border:solid;\" data-bt-override-class=\"{&quot;bt_bb_top_spacing_&quot;:{&quot;current_class&quot;:&quot;bt_bb_top_spacing_medium&quot;,&quot;xxl&quot;:&quot;medium&quot;,&quot;xl&quot;:&quot;medium&quot;},&quot;bt_bb_bottom_spacing_&quot;:{&quot;current_class&quot;:&quot;bt_bb_bottom_spacing_medium&quot;,&quot;xxl&quot;:&quot;medium&quot;,&quot;xl&quot;:&quot;medium&quot;}}\"><div class=\"bt_bb_port\"><div class=\"bt_bb_cell\"><div class=\"bt_bb_cell_inner\"><div class=\"bt_bb_row_wrapper\"><div  class=\"bt_bb_row\"  data-bt-override-class=\"{}\"><div  class=\"bt_bb_column col-xxl-6 col-xl-6 col-xs-12 col-sm-6 col-md-6 col-lg-6 bt_bb_vertical_align_top bt_bb_align_left bt_bb_padding_normal\"  data-width=\"6\" data-bt-override-class=\"{}\"><div class=\"bt_bb_column_content\"><div  class=\"bt_bb_text\" ><h2><strong>Yard\u0131ma m\u0131 ihtiyac\u0131n\u0131z var?<\/strong><\/h2>\n<\/div><\/div><\/div><div  class=\"bt_bb_column col-xxl-6 col-xl-6 col-xs-12 col-sm-6 col-md-6 col-lg-6 bt_bb_vertical_align_top bt_bb_align_left bt_bb_padding_normal\"  data-width=\"6\" data-bt-override-class=\"{}\"><div class=\"bt_bb_column_content\"><div class=\"bt_bb_button bt_bb_color_scheme_2 bt_bb_icon_position_left bt_bb_style_outline bt_bb_size_large bt_bb_width_inline bt_bb_shape_inherit bt_bb_target_self bt_bb_align_inherit\" style=\"; --primary-color:#191919; --secondary-color:#ffffff;\" data-bt-override-class=\"{&quot;bt_bb_size_&quot;:{&quot;current_class&quot;:&quot;bt_bb_size_large&quot;,&quot;xxl&quot;:&quot;large&quot;,&quot;xl&quot;:&quot;large&quot;},&quot;bt_bb_align_&quot;:{&quot;current_class&quot;:&quot;bt_bb_align_inherit&quot;,&quot;xxl&quot;:&quot;inherit&quot;,&quot;xl&quot;:&quot;inherit&quot;}}\"><a href=\"https:\/\/api.whatsapp.com\/send\/?phone=905551004232&amp;text&amp;type=phone_number&amp;app_absent=0\" target=\"_self\" class=\"bt_bb_link\" title=\"+90 555 100 42 32\"><span class=\"bt_bb_button_text\" >+90 555 100 42 32<\/span><span  data-ico-fontawesome=\"&#xf232;\" class=\"bt_bb_icon_holder\"><\/span><\/a><\/div><\/div><\/div><\/div><\/div><\/div><!-- cell_inner --><\/div><!-- cell --><\/div><!-- port --><\/section>","protected":false},"excerpt":{"rendered":"<p>Collaboratively administrate turnkey channels whereas virtual e-tailers. Objectively seize scalable metrics whereas proactive e-services. Seamlessly empower fully researched growth strategies and interoperable internal or organic sources.<\/p>","protected":false},"author":1,"featured_media":0,"parent":0,"menu_order":0,"comment_status":"closed","ping_status":"closed","template":"","meta":{"footnotes":""},"class_list":["post-12554","page","type-page","status-publish","hentry"],"_links":{"self":[{"href":"https:\/\/drhalisozsurmeli.com\/tr\/wp-json\/wp\/v2\/pages\/12554","targetHints":{"allow":["GET"]}}],"collection":[{"href":"https:\/\/drhalisozsurmeli.com\/tr\/wp-json\/wp\/v2\/pages"}],"about":[{"href":"https:\/\/drhalisozsurmeli.com\/tr\/wp-json\/wp\/v2\/types\/page"}],"author":[{"embeddable":true,"href":"https:\/\/drhalisozsurmeli.com\/tr\/wp-json\/wp\/v2\/users\/1"}],"replies":[{"embeddable":true,"href":"https:\/\/drhalisozsurmeli.com\/tr\/wp-json\/wp\/v2\/comments?post=12554"}],"version-history":[{"count":16,"href":"https:\/\/drhalisozsurmeli.com\/tr\/wp-json\/wp\/v2\/pages\/12554\/revisions"}],"predecessor-version":[{"id":12973,"href":"https:\/\/drhalisozsurmeli.com\/tr\/wp-json\/wp\/v2\/pages\/12554\/revisions\/12973"}],"wp:attachment":[{"href":"https:\/\/drhalisozsurmeli.com\/tr\/wp-json\/wp\/v2\/media?parent=12554"}],"curies":[{"name":"wp","href":"https:\/\/api.w.org\/{rel}","templated":true}]}}